{"id":3947,"date":"2021-11-26T16:36:50","date_gmt":"2021-11-26T19:36:50","guid":{"rendered":"https:\/\/www.fasar.com.br\/colnovo\/?page_id=3947"},"modified":"2021-11-26T17:18:38","modified_gmt":"2021-11-26T20:18:38","slug":"matricule-se","status":"publish","type":"page","link":"https:\/\/unifasar.edu.br\/colegio\/matricule-se\/","title":{"rendered":"Fa\u00e7a sua matr\u00edcula"},"content":{"rendered":"\n<p>No Col\u00e9gio Santa Rita,\u00a0o seu filho passar\u00e1 uma boa parte de sua vida, e, certamente, ser\u00e1 inesquec\u00edvel. Viveremos como uma fam\u00edlia e voc\u00ea ter\u00e1, ao final dessa jornada, trocado experi\u00eancias e adquirido conhecimentos. <\/p>\n\n\n\n<div class=\"wp-block-columns is-layout-flex wp-container-core-columns-is-layout-9d6595d7 wp-block-columns-is-layout-flex\">\n<div class=\"wp-block-column is-layout-flow wp-block-column-is-layout-flow\" style=\"flex-basis:100%\">\n<div class=\"wp-block-columns is-layout-flex wp-container-core-columns-is-layout-9d6595d7 wp-block-columns-is-layout-flex\">\n<div class=\"wp-block-column is-layout-flow wp-block-column-is-layout-flow\" style=\"flex-basis:40%\">\n<p>Preencha o Formul\u00e1rio ao lado. Em breve nossa secretaria entrar\u00e1 em contato para dar andamento no processo de matr\u00edcula.<\/p>\n\n\n\n<figure class=\"wp-block-image size-large is-resized\"><img loading=\"lazy\" decoding=\"async\" src=\"https:\/\/unifasar.edu.br\/colegio\/wp-content\/uploads\/2021\/11\/ler-691x1024.jpg\" alt=\"\" class=\"wp-image-3965\" width=\"346\" height=\"512\" srcset=\"https:\/\/unifasar.edu.br\/colegio\/wp-content\/uploads\/2021\/11\/ler-691x1024.jpg 691w, https:\/\/unifasar.edu.br\/colegio\/wp-content\/uploads\/2021\/11\/ler-202x300.jpg 202w, https:\/\/unifasar.edu.br\/colegio\/wp-content\/uploads\/2021\/11\/ler.jpg 730w\" sizes=\"auto, (max-width: 346px) 100vw, 346px\" \/><\/figure>\n<\/div>\n\n\n\n<div class=\"wp-block-column is-layout-flow wp-block-column-is-layout-flow\" style=\"flex-basis:60%\">\n<h2 class=\"wp-block-heading\">Fa\u00e7a sua matr\u00edcula<\/h2>\n\n\n\n<div class=\"wpcf7 no-js\" id=\"wpcf7-f3946-o1\" lang=\"pt-BR\" dir=\"ltr\" data-wpcf7-id=\"3946\">\n<div class=\"screen-reader-response\"><p role=\"status\" aria-live=\"polite\" aria-atomic=\"true\"><\/p> <ul><\/ul><\/div>\n<form action=\"\/colegio\/wp-json\/wp\/v2\/pages\/3947#wpcf7-f3946-o1\" method=\"post\" class=\"wpcf7-form init\" aria-label=\"Formul\u00e1rios de contato\" novalidate=\"novalidate\" data-status=\"init\">\n<fieldset class=\"hidden-fields-container\"><input type=\"hidden\" name=\"_wpcf7\" value=\"3946\" \/><input type=\"hidden\" name=\"_wpcf7_version\" value=\"6.1.5\" \/><input type=\"hidden\" name=\"_wpcf7_locale\" value=\"pt_BR\" \/><input type=\"hidden\" name=\"_wpcf7_unit_tag\" value=\"wpcf7-f3946-o1\" \/><input type=\"hidden\" name=\"_wpcf7_container_post\" value=\"0\" \/><input type=\"hidden\" name=\"_wpcf7_posted_data_hash\" value=\"\" \/>\n<\/fieldset>\n<div class=\"card p-4\">\n\t<p><label class=\"form-label\">Seu nome<\/label>\n<input size=\"40\" maxlength=\"400\" class=\"wpcf7-form-control wpcf7-text wpcf7-validates-as-required form-control\" aria-required=\"true\" aria-invalid=\"false\" value=\"\" type=\"text\" name=\"Seunome\" \/>\n\t<\/p>\n\t<p><label class=\"form-label\">Seu telefone<\/label>\n<input size=\"40\" maxlength=\"400\" class=\"wpcf7-form-control wpcf7-tel wpcf7-validates-as-required wpcf7-text wpcf7-validates-as-tel form-control\" aria-required=\"true\" aria-invalid=\"false\" value=\"\" type=\"tel\" name=\"Telefone\" \/>\n\t<\/p>\n\t<p><label class=\"form-label\">Seu email<\/label>\n<input size=\"40\" maxlength=\"400\" class=\"wpcf7-form-control wpcf7-email wpcf7-validates-as-required wpcf7-text wpcf7-validates-as-email form-control\" aria-required=\"true\" aria-invalid=\"false\" value=\"\" type=\"email\" name=\"Email\" \/>\n\t<\/p>\n\t<p><label class=\"form-label\">Nome do aluno(a)<\/label>\n<input size=\"40\" maxlength=\"400\" class=\"wpcf7-form-control wpcf7-text wpcf7-validates-as-required form-control\" aria-required=\"true\" aria-invalid=\"false\" value=\"\" type=\"text\" name=\"NomedoAlunoa\" \/>\n\t<\/p>\n\t<p><label class=\"form-label\">N\u00edvel de Ensino \/ S\u00e9rie<\/label>\n<select class=\"wpcf7-form-control wpcf7-select form-control\" aria-invalid=\"false\" name=\"Serie\"><option value=\"\">&#8212;Escolha uma op\u00e7\u00e3o&#8212;<\/option><option value=\"Educa\u00e7\u00e3o Infantil - Maternal II\">Educa\u00e7\u00e3o Infantil - Maternal II<\/option><option value=\"Educa\u00e7\u00e3o Infantil - 1\u00ba Per\u00edodo\">Educa\u00e7\u00e3o Infantil - 1\u00ba Per\u00edodo<\/option><option value=\"Educa\u00e7\u00e3o Infantil - 2\u00ba Per\u00edodo\">Educa\u00e7\u00e3o Infantil - 2\u00ba Per\u00edodo<\/option><option value=\"Ensino Fundamental - 1\u00ba ano\">Ensino Fundamental - 1\u00ba ano<\/option><option value=\"Ensino Fundamental - 2\u00ba ano\">Ensino Fundamental - 2\u00ba ano<\/option><option value=\"Ensino Fundamental - 3\u00ba ano\">Ensino Fundamental - 3\u00ba ano<\/option><option value=\"Ensino Fundamental - 4\u00ba ano\">Ensino Fundamental - 4\u00ba ano<\/option><option value=\"Ensino Fundamental - 5\u00ba ano\">Ensino Fundamental - 5\u00ba ano<\/option><option value=\"Ensino Fundamental - 6\u00ba ano\">Ensino Fundamental - 6\u00ba ano<\/option><option value=\"Ensino Fundamental - 7\u00ba ano\">Ensino Fundamental - 7\u00ba ano<\/option><option value=\"Ensino Fundamental - 8\u00ba ano\">Ensino Fundamental - 8\u00ba ano<\/option><option value=\"Ensino Fundamental - 9\u00ba ano\">Ensino Fundamental - 9\u00ba ano<\/option><option value=\"Ensino M\u00e9dio - 1\u00ba ano\">Ensino M\u00e9dio - 1\u00ba ano<\/option><option value=\"Ensino M\u00e9dio - 2\u00ba ano\">Ensino M\u00e9dio - 2\u00ba ano<\/option><option value=\"Ensino M\u00e9dio - 3\u00ba ano\">Ensino M\u00e9dio - 3\u00ba ano<\/option><\/select>\n\t<\/p>\n\t<p><label>\nTem interesse no Hor\u00e1rio Integral?\n<\/label>\n<span class=\"wpcf7-form-control wpcf7-radio\"><span class=\"wpcf7-list-item first\"><input type=\"radio\" name=\"HorarioIntegral\" value=\"Sim\" checked=\"checked\" \/><span class=\"wpcf7-list-item-label\">Sim<\/span><\/span><span class=\"wpcf7-list-item last\"><input type=\"radio\" name=\"HorarioIntegral\" value=\"N\u00e3o\" \/><span class=\"wpcf7-list-item-label\">N\u00e3o<\/span><\/span><\/span>\n\t<\/p>\n\t<p><input class=\"wpcf7-form-control wpcf7-submit has-spinner\" type=\"submit\" value=\"Enviar\" \/>\n\t<\/p>\n<\/div><div class=\"wpcf7-response-output\" aria-hidden=\"true\"><\/div>\n<\/form>\n<\/div>\n\n<\/div>\n<\/div>\n<\/div>\n<\/div>\n","protected":false},"excerpt":{"rendered":"<p>No Col\u00e9gio Santa Rita,\u00a0o seu filho passar\u00e1 uma boa parte de sua vida, e, certamente, ser\u00e1 inesquec\u00edvel. Viveremos como uma fam\u00edlia e voc\u00ea ter\u00e1, ao final dessa jornada, trocado experi\u00eancias [&hellip;]<\/p>\n","protected":false},"author":1,"featured_media":3958,"parent":0,"menu_order":0,"comment_status":"closed","ping_status":"closed","template":"","meta":{"advanced_seo_description":"","jetpack_seo_html_title":"","jetpack_seo_noindex":false,"footnotes":""},"class_list":["post-3947","page","type-page","status-publish","has-post-thumbnail","hentry"],"jetpack_sharing_enabled":true,"_links":{"self":[{"href":"https:\/\/unifasar.edu.br\/colegio\/wp-json\/wp\/v2\/pages\/3947","targetHints":{"allow":["GET"]}}],"collection":[{"href":"https:\/\/unifasar.edu.br\/colegio\/wp-json\/wp\/v2\/pages"}],"about":[{"href":"https:\/\/unifasar.edu.br\/colegio\/wp-json\/wp\/v2\/types\/page"}],"author":[{"embeddable":true,"href":"https:\/\/unifasar.edu.br\/colegio\/wp-json\/wp\/v2\/users\/1"}],"replies":[{"embeddable":true,"href":"https:\/\/unifasar.edu.br\/colegio\/wp-json\/wp\/v2\/comments?post=3947"}],"version-history":[{"count":11,"href":"https:\/\/unifasar.edu.br\/colegio\/wp-json\/wp\/v2\/pages\/3947\/revisions"}],"predecessor-version":[{"id":3967,"href":"https:\/\/unifasar.edu.br\/colegio\/wp-json\/wp\/v2\/pages\/3947\/revisions\/3967"}],"wp:featuredmedia":[{"embeddable":true,"href":"https:\/\/unifasar.edu.br\/colegio\/wp-json\/wp\/v2\/media\/3958"}],"wp:attachment":[{"href":"https:\/\/unifasar.edu.br\/colegio\/wp-json\/wp\/v2\/media?parent=3947"}],"curies":[{"name":"wp","href":"https:\/\/api.w.org\/{rel}","templated":true}]}}