{"id":3557,"date":"2019-08-08T14:58:26","date_gmt":"2019-08-08T17:58:26","guid":{"rendered":"http:\/\/192.168.15.34:81\/caktus\/clientes\/fasar\/site\/?page_id=86"},"modified":"2021-11-26T13:05:17","modified_gmt":"2021-11-26T16:05:17","slug":"a-cidade","status":"publish","type":"page","link":"https:\/\/unifasar.edu.br\/colegio\/a-cidade\/","title":{"rendered":"A cidade"},"content":{"rendered":"\n<p>O Col\u00e9gio Santa Rita \u2013 FASAR \u2013 est\u00e1 situada no munic\u00edpio de Conselheiro Lafaiete, em Minas Gerais. Possui uma popula\u00e7\u00e3o de aproximadamente 120 mil habitantes, distribu\u00eddos pelos 375 quil\u00f4metros de metros quadrados de \u00e1rea que faz divisa com os munic\u00edpios de Congonhas, Ouro Branco, Itaverava, Santana dos Montes, Cristiano Otoni, Queluzito e S\u00e3o Br\u00e1s do Sua\u00e7u\u00ed.<br><br>De localiza\u00e7\u00e3o privilegiada, encontra-se a 96 quil\u00f4metros de Belo Horizonte e a 338 quil\u00f4metros do Rio de Janeiro. Est\u00e1, tamb\u00e9m, situada em meio ao centro geogr\u00e1fico das principais cidades hist\u00f3ricas de Minas Gerais: Ouro Preto (60 quil\u00f4metros), Mariana (70 quil\u00f4metros), S\u00e3o Jo\u00e3o Del Rey (130 quil\u00f4metros), Congonhas (17 quil\u00f4metros) e Ouro Branco (20 quil\u00f4metros).<\/p>\n\n\n\n<iframe loading=\"lazy\" src=\"https:\/\/www.google.com\/maps\/embed?pb=!1m14!1m8!1m3!1d7468.003229432684!2d-43.781154!3d-20.628791!3m2!1i1024!2i768!4f13.1!3m3!1m2!1s0x0%3A0xa216f49a14b6829c!2sCol\u00e9gio%20Santa%20Rita%20-%20FASAR!5e0!3m2!1spt-BR!2sbr!4v1603242764816!5m2!1spt-BR!2sbr\" width=\"600\" height=\"450\" frameborder=\"0\" style=\"border:0;\" allowfullscreen=\"\" aria-hidden=\"false\" tabindex=\"0\"><\/iframe>\n\n\n\n<p><\/p>\n","protected":false},"excerpt":{"rendered":"<p>O Col\u00e9gio Santa Rita \u2013 FASAR \u2013 est\u00e1 situada no munic\u00edpio de Conselheiro Lafaiete, em Minas Gerais. Possui uma popula\u00e7\u00e3o de aproximadamente 120 mil habitantes, distribu\u00eddos pelos 375 quil\u00f4metros de [&hellip;]<\/p>\n","protected":false},"author":1,"featured_media":3885,"parent":0,"menu_order":0,"comment_status":"closed","ping_status":"closed","template":"","meta":{"advanced_seo_description":"","jetpack_seo_html_title":"","jetpack_seo_noindex":false,"footnotes":""},"class_list":["post-3557","page","type-page","status-publish","has-post-thumbnail","hentry"],"jetpack_sharing_enabled":true,"_links":{"self":[{"href":"https:\/\/unifasar.edu.br\/colegio\/wp-json\/wp\/v2\/pages\/3557","targetHints":{"allow":["GET"]}}],"collection":[{"href":"https:\/\/unifasar.edu.br\/colegio\/wp-json\/wp\/v2\/pages"}],"about":[{"href":"https:\/\/unifasar.edu.br\/colegio\/wp-json\/wp\/v2\/types\/page"}],"author":[{"embeddable":true,"href":"https:\/\/unifasar.edu.br\/colegio\/wp-json\/wp\/v2\/users\/1"}],"replies":[{"embeddable":true,"href":"https:\/\/unifasar.edu.br\/colegio\/wp-json\/wp\/v2\/comments?post=3557"}],"version-history":[{"count":3,"href":"https:\/\/unifasar.edu.br\/colegio\/wp-json\/wp\/v2\/pages\/3557\/revisions"}],"predecessor-version":[{"id":3884,"href":"https:\/\/unifasar.edu.br\/colegio\/wp-json\/wp\/v2\/pages\/3557\/revisions\/3884"}],"wp:featuredmedia":[{"embeddable":true,"href":"https:\/\/unifasar.edu.br\/colegio\/wp-json\/wp\/v2\/media\/3885"}],"wp:attachment":[{"href":"https:\/\/unifasar.edu.br\/colegio\/wp-json\/wp\/v2\/media?parent=3557"}],"curies":[{"name":"wp","href":"https:\/\/api.w.org\/{rel}","templated":true}]}}